{"id":142,"date":"2021-03-29T14:40:28","date_gmt":"2021-03-29T18:40:28","guid":{"rendered":"https:\/\/canadianchristmastrees.ca.sdfcloud.net\/?page_id=142"},"modified":"2021-12-05T13:37:21","modified_gmt":"2021-12-05T18:37:21","slug":"anciens-presidents","status":"publish","type":"page","link":"https:\/\/canadianchristmastrees.ca\/fr\/anciens-presidents\/","title":{"rendered":"Anciens pr\u00e9sidents"},"content":{"rendered":"<p>[et_pb_section fb_built=\u00a0\u00bb1&Prime; _builder_version=\u00a0\u00bb4.9.2&Prime; _module_preset=\u00a0\u00bbdefault\u00a0\u00bb background_image=\u00a0\u00bbhttps:\/\/canadianchristmastrees.ca.sdfcloud.net\/wp-content\/uploads\/2021\/03\/tree-sillhoute.jpg\u00a0\u00bb background_size=\u00a0\u00bbinitial\u00a0\u00bb background_position=\u00a0\u00bbbottom_left\u00a0\u00bb background_repeat=\u00a0\u00bbrepeat-x\u00a0\u00bb custom_padding=\u00a0\u00bb||120px||false|false\u00a0\u00bb bottom_divider_height=\u00a0\u00bb150px\u00a0\u00bb bottom_divider_flip=\u00a0\u00bbhorizontal\u00a0\u00bb global_colors_info=\u00a0\u00bb{}\u00a0\u00bb][et_pb_row _builder_version=\u00a0\u00bb4.9.2&Prime; _module_preset=\u00a0\u00bbdefault\u00a0\u00bb global_colors_info=\u00a0\u00bb{}\u00a0\u00bb][et_pb_column type=\u00a0\u00bb4_4&Prime; _builder_version=\u00a0\u00bb4.9.2&Prime; _module_preset=\u00a0\u00bbdefault\u00a0\u00bb global_colors_info=\u00a0\u00bb{}\u00a0\u00bb][et_pb_text _builder_version=\u00a0\u00bb4.14.2&Prime; _module_preset=\u00a0\u00bbdefault\u00a0\u00bb header_2_font=\u00a0\u00bb|700|||||||\u00a0\u00bb header_2_text_color=\u00a0\u00bbgcid-f8fb9684-2f3a-4e97-a201-c26ce6e31078&Prime; header_2_font_size=\u00a0\u00bb48px\u00a0\u00bb text_orientation=\u00a0\u00bbcenter\u00a0\u00bb custom_margin=\u00a0\u00bb||5px||false|false\u00a0\u00bb global_colors_info=\u00a0\u00bb{%22gcid-f8fb9684-2f3a-4e97-a201-c26ce6e31078%22:%91%22header_2_text_color%22%93}\u00a0\u00bb]<\/p>\n<h2>Anciens pr\u00e9sidents<\/h2>\n<p>[\/et_pb_text][\/et_pb_column][\/et_pb_row][et_pb_row _builder_version=\u00a0\u00bb4.9.2&Prime; _module_preset=\u00a0\u00bbdefault\u00a0\u00bb global_colors_info=\u00a0\u00bb{}\u00a0\u00bb][et_pb_column type=\u00a0\u00bb4_4&Prime; _builder_version=\u00a0\u00bb4.9.2&Prime; _module_preset=\u00a0\u00bbdefault\u00a0\u00bb global_colors_info=\u00a0\u00bb{}\u00a0\u00bb][et_pb_text _builder_version=\u00a0\u00bb4.14.2&Prime; _module_preset=\u00a0\u00bbdefault\u00a0\u00bb global_colors_info=\u00a0\u00bb{}\u00a0\u00bb]Les noms des pr\u00e9sidents de l&rsquo;Association canadienne d&rsquo;arbres de No\u00ebl:[\/et_pb_text][et_pb_text _builder_version=\u00a0\u00bb4.14.2&Prime; _module_preset=\u00a0\u00bbdefault\u00a0\u00bb global_colors_info=\u00a0\u00bb{}\u00a0\u00bb]<\/p>\n<ul>\n<li>2021- M. Fred Somerville<\/li>\n<li>2016- 2021 M. Larry Downey<\/li>\n<li>2014-2016 Mme Shirley Brennan<\/li>\n<li>2012-2014 M. Arthur Loewen<\/li>\n<li>2009-2012 M. Myles MacPherson<\/li>\n<li>2007-2009 M. Larry Downey<\/li>\n<li>2005-2007 M. Fred Somerville<\/li>\n<li>2003-2005 M. Shawn Lacey<\/li>\n<li>2001-2003 M. Gordon Young<\/li>\n<li>1999-2001 M. Robert Enos<\/li>\n<li>1997-1999 M. Gordon Mackay<\/li>\n<li>1995-1997 M. Doug Drysdale<\/li>\n<li>1994-1995 M. Lewis Downey<\/li>\n<li>1992-1994 M. Richard Lord<\/li>\n<li>1991-1992 M. Frank Sudol<\/li>\n<li>1990-1991 M. Vincent Cormier<\/li>\n<li>1986-1990 M. Larry Downey<\/li>\n<li>1984-1986 M. Lloyd McKinnon<\/li>\n<li>1983-1984 M. Lewis Downey<\/li>\n<li>1981-1983 M. Richard Lord<\/li>\n<li>1981-1982 M. Richard Lord<\/li>\n<li>1979-1981 M. Patrick Downey<\/li>\n<li>1977-1979 M. Richard Downey<\/li>\n<li>1971-1977 M. Richard Lord<\/li>\n<\/ul>\n<p>[\/et_pb_text][\/et_pb_column][\/et_pb_row][\/et_pb_section][et_pb_section fb_built=\u00a0\u00bb1&Prime; _builder_version=\u00a0\u00bb4.9.2&Prime; _module_preset=\u00a0\u00bbdefault\u00a0\u00bb background_color=\u00a0\u00bbgcid-f8fb9684-2f3a-4e97-a201-c26ce6e31078&Prime; custom_padding=\u00a0\u00bb0px||0px||true|false\u00a0\u00bb global_colors_info=\u00a0\u00bb{%22gcid-f8fb9684-2f3a-4e97-a201-c26ce6e31078%22:%91%22background_color%22%93}\u00a0\u00bb global_module=\u00a0\u00bb320&Prime; theme_builder_area=\u00a0\u00bbpost_content\u00a0\u00bb][et_pb_row _builder_version=\u00a0\u00bb4.9.2&Prime; _module_preset=\u00a0\u00bbdefault\u00a0\u00bb global_colors_info=\u00a0\u00bb{}\u00a0\u00bb theme_builder_area=\u00a0\u00bbpost_content\u00a0\u00bb][et_pb_column type=\u00a0\u00bb4_4&Prime; _builder_version=\u00a0\u00bb4.9.2&Prime; _module_preset=\u00a0\u00bbdefault\u00a0\u00bb global_colors_info=\u00a0\u00bb{}\u00a0\u00bb theme_builder_area=\u00a0\u00bbpost_content\u00a0\u00bb][et_pb_text _builder_version=\u00a0\u00bb4.14.2&Prime; _module_preset=\u00a0\u00bbdefault\u00a0\u00bb text_font_size=\u00a0\u00bb24px\u00a0\u00bb text_line_height=\u00a0\u00bb1.3em\u00a0\u00bb link_font=\u00a0\u00bb||||on||||\u00a0\u00bb link_text_color=\u00a0\u00bb#FFFFFF\u00a0\u00bb text_orientation=\u00a0\u00bbcenter\u00a0\u00bb background_layout=\u00a0\u00bbdark\u00a0\u00bb custom_padding=\u00a0\u00bb||2px|||\u00a0\u00bb global_colors_info=\u00a0\u00bb{}\u00a0\u00bb theme_builder_area=\u00a0\u00bbpost_content\u00a0\u00bb]L&rsquo;Association canadienne des arbres de No\u00ebl est le groupe de coordination des associations provinciales d&rsquo;arbres de No\u00ebl du Canada. Pour plus d&rsquo;informations, contactez le directeur g\u00e9n\u00e9ral: <a href=\"mailto:info@canadianchristmastrees.ca\">info@canadianchristmastrees.ca<\/a>[\/et_pb_text][\/et_pb_column][\/et_pb_row][\/et_pb_section]<\/p>\n","protected":false},"excerpt":{"rendered":"<p>Anciens pr\u00e9sidentsLes noms des pr\u00e9sidents de l&rsquo;Association canadienne d&rsquo;arbres de No\u00ebl: 2021- M. Fred Somerville 2016- 2021 M. Larry Downey 2014-2016 Mme Shirley Brennan 2012-2014 M. Arthur Loewen 2009-2012 M. Myles MacPherson 2007-2009 M. Larry Downey 2005-2007 M. Fred Somerville 2003-2005 M. Shawn Lacey 2001-2003 M. Gordon Young 1999-2001 M. Robert Enos 1997-1999 M. Gordon [&hellip;]<\/p>\n","protected":false},"author":2,"featured_media":0,"parent":0,"menu_order":0,"comment_status":"closed","ping_status":"closed","template":"","meta":{"_et_pb_use_builder":"on","_et_pb_old_content":"<!-- wp:paragraph -->\r\n<p>This is an example page. It's different from a blog post because it will stay in one place and will show up in your site navigation (in most themes). Most people start with an About page that introduces them to potential site visitors. It might say something like this:<\/p>\r\n<!-- \/wp:paragraph -->\r\n\r\n<!-- wp:quote -->\r\n<blockquote class=\"wp-block-quote\"><p>Hi there! I'm a bike messenger by day, aspiring actor by night, and this is my website. I live in Los Angeles, have a great dog named Jack, and I like pi\u00f1a coladas. (And gettin' caught in the rain.)<\/p><\/blockquote>\r\n<!-- \/wp:quote -->\r\n\r\n<!-- wp:paragraph -->\r\n<p>...or something like this:<\/p>\r\n<!-- \/wp:paragraph -->\r\n\r\n<!-- wp:quote -->\r\n<blockquote class=\"wp-block-quote\"><p>The XYZ Doohickey Company was founded in 1971, and has been providing quality doohickeys to the public ever since. Located in Gotham City, XYZ employs over 2,000 people and does all kinds of awesome things for the Gotham community.<\/p><\/blockquote>\r\n<!-- \/wp:quote -->\r\n\r\n<!-- wp:paragraph -->\r\n<p>As a new WordPress user, you should go to <a href=\"https:\/\/canadianchristmastrees.ca.sdfcloud.net\/wp-admin\/\">your dashboard<\/a> to delete this page and create new pages for your content. Have fun!<\/p>\r\n<!-- \/wp:paragraph -->","_et_gb_content_width":"","footnotes":""},"class_list":["post-142","page","type-page","status-publish","hentry"],"_links":{"self":[{"href":"https:\/\/canadianchristmastrees.ca\/fr\/wp-json\/wp\/v2\/pages\/142","targetHints":{"allow":["GET"]}}],"collection":[{"href":"https:\/\/canadianchristmastrees.ca\/fr\/wp-json\/wp\/v2\/pages"}],"about":[{"href":"https:\/\/canadianchristmastrees.ca\/fr\/wp-json\/wp\/v2\/types\/page"}],"author":[{"embeddable":true,"href":"https:\/\/canadianchristmastrees.ca\/fr\/wp-json\/wp\/v2\/users\/2"}],"replies":[{"embeddable":true,"href":"https:\/\/canadianchristmastrees.ca\/fr\/wp-json\/wp\/v2\/comments?post=142"}],"version-history":[{"count":5,"href":"https:\/\/canadianchristmastrees.ca\/fr\/wp-json\/wp\/v2\/pages\/142\/revisions"}],"predecessor-version":[{"id":348,"href":"https:\/\/canadianchristmastrees.ca\/fr\/wp-json\/wp\/v2\/pages\/142\/revisions\/348"}],"wp:attachment":[{"href":"https:\/\/canadianchristmastrees.ca\/fr\/wp-json\/wp\/v2\/media?parent=142"}],"curies":[{"name":"wp","href":"https:\/\/api.w.org\/{rel}","templated":true}]}}