{"id":13,"date":"2021-03-15T12:32:35","date_gmt":"2021-03-15T16:32:35","guid":{"rendered":"https:\/\/canadianchristmastrees.ca.sdfcloud.net\/?page_id=2"},"modified":"2021-08-03T08:44:54","modified_gmt":"2021-08-03T12:44:54","slug":"sample-page-2","status":"publish","type":"page","link":"https:\/\/canadianchristmastrees.ca\/fr\/","title":{"rendered":"Home"},"content":{"rendered":"<p>[et_pb_section fb_built=\u00a0\u00bb1&Prime; fullwidth=\u00a0\u00bbon\u00a0\u00bb _builder_version=\u00a0\u00bb4.9.2&Prime; _module_preset=\u00a0\u00bbdefault\u00a0\u00bb][et_pb_fullwidth_slider _builder_version=\u00a0\u00bb4.9.10&Prime; _module_preset=\u00a0\u00bbdefault\u00a0\u00bb header_font=\u00a0\u00bb|700|||||||\u00a0\u00bb body_font_size=\u00a0\u00bb18px\u00a0\u00bb custom_button=\u00a0\u00bbon\u00a0\u00bb button_text_color=\u00a0\u00bb#FFFFFF\u00a0\u00bb button_bg_color=\u00a0\u00bb#E02B20&Prime; button_border_width=\u00a0\u00bb0px\u00a0\u00bb button_font=\u00a0\u00bbOswald||||||||\u00a0\u00bb content_width=\u00a0\u00bb60%\u00a0\u00bb custom_padding=\u00a0\u00bb200px||200px||true|false\u00a0\u00bb auto=\u00a0\u00bbon\u00a0\u00bb hover_enabled=\u00a0\u00bb0&Prime; sticky_enabled=\u00a0\u00bb0&Prime;][et_pb_slide heading=\u00a0\u00bbL\u2019Association canadienne d\u2019arbres de No\u00ebl\u00a0\u00bb button_text=\u00a0\u00bbLire la suite\u00a0\u00bb _builder_version=\u00a0\u00bb4.9.10&Prime; _module_preset=\u00a0\u00bbdefault\u00a0\u00bb background_image=\u00a0\u00bbhttps:\/\/canadianchristmastrees.ca.sdfcloud.net\/wp-content\/uploads\/2021\/03\/slide1.jpg\u00a0\u00bb background_enable_image=\u00a0\u00bbon\u00a0\u00bb hover_enabled=\u00a0\u00bb0&Prime; sticky_transition=\u00a0\u00bbon\u00a0\u00bb sticky_enabled=\u00a0\u00bb0&Prime;]<\/p>\n<p>Les arbres de No\u00ebl canadiens procurent de vrais emplois pour les Canadiens, \u00e0 partir des producteurs, des employ\u00e9s manuels ainsi que les industries connexes, tels que les transports, la fourniture d\u2019\u00e9quipements et la vente au d\u00e9tail.<\/p>\n<p>[\/et_pb_slide][et_pb_slide heading=\u00a0\u00bbPourquoi ach\u00e8te-t-on un vrai arbre de No\u00ebl canadien?\u00a0\u00bb button_text=\u00a0\u00bbLire la suite\u00a0\u00bb _builder_version=\u00a0\u00bb4.9.2&Prime; _module_preset=\u00a0\u00bbdefault\u00a0\u00bb background_image=\u00a0\u00bbhttps:\/\/canadianchristmastrees.ca.sdfcloud.net\/wp-content\/uploads\/2021\/03\/slide2.jpg\u00a0\u00bb background_enable_image=\u00a0\u00bbon\u00a0\u00bb sticky_transition=\u00a0\u00bbon\u00a0\u00bb]Au Canada, plus de 28 315 hectares (69 968 acres) ont \u00e9t\u00e9 consacr\u00e9s \u00e0 la production d&rsquo;arbres de No\u00ebl en 2011. Un acre d&rsquo;arbres de No\u00ebl produit suffisamment d&rsquo;oxyg\u00e8ne pour 18 personnes.[\/et_pb_slide][et_pb_slide heading=\u00a0\u00bbAchetez local, achetez un vrai arbre naturel!\u00a0\u00bb button_text=\u00a0\u00bbLire la suite\u00a0\u00bb _builder_version=\u00a0\u00bb4.9.2&Prime; _module_preset=\u00a0\u00bbdefault\u00a0\u00bb background_image=\u00a0\u00bbhttps:\/\/canadianchristmastrees.ca.sdfcloud.net\/wp-content\/uploads\/2021\/03\/slide3.jpg\u00a0\u00bb background_enable_image=\u00a0\u00bbon\u00a0\u00bb sticky_transition=\u00a0\u00bbon\u00a0\u00bb]Les producteurs d&rsquo;arbres de No\u00ebl canadiens d\u00e9ploient le m\u00eame effort et les m\u00eames valeurs, sinon plus, pour pr\u00e9parer chaque ann\u00e9e les majestueux arbres naturels pour votre maison.[\/et_pb_slide][\/et_pb_fullwidth_slider][\/et_pb_section][et_pb_section fb_built=\u00a0\u00bb1&Prime; _builder_version=\u00a0\u00bb4.9.2&Prime; _module_preset=\u00a0\u00bbdefault\u00a0\u00bb bottom_divider_height=\u00a0\u00bb150px\u00a0\u00bb bottom_divider_flip=\u00a0\u00bbhorizontal\u00a0\u00bb][et_pb_row column_structure=\u00a0\u00bb1_2,1_2&Prime; _builder_version=\u00a0\u00bb4.9.2&Prime; _module_preset=\u00a0\u00bbdefault\u00a0\u00bb][et_pb_column type=\u00a0\u00bb1_2&Prime; _builder_version=\u00a0\u00bb4.9.2&Prime; _module_preset=\u00a0\u00bbdefault\u00a0\u00bb][et_pb_text _builder_version=\u00a0\u00bb4.9.2&Prime; _module_preset=\u00a0\u00bbdefault\u00a0\u00bb header_2_font=\u00a0\u00bb|700|||||||\u00a0\u00bb header_2_text_color=\u00a0\u00bbgcid-f8fb9684-2f3a-4e97-a201-c26ce6e31078&Prime; header_2_font_size=\u00a0\u00bb48px\u00a0\u00bb custom_margin=\u00a0\u00bb||5px||false|false\u00a0\u00bb global_colors_info=\u00a0\u00bb{%22gcid-f8fb9684-2f3a-4e97-a201-c26ce6e31078%22:%91%22header_2_text_color%22%93}\u00a0\u00bb]<\/p>\n<h2>\u00c0 propos de nous<\/h2>\n<p>[\/et_pb_text][et_pb_text _builder_version=\u00a0\u00bb4.9.2&Prime; _module_preset=\u00a0\u00bbdefault\u00a0\u00bb header_2_font=\u00a0\u00bb|700|||||||\u00a0\u00bb header_2_text_color=\u00a0\u00bbgcid-f8fb9684-2f3a-4e97-a201-c26ce6e31078&Prime; header_2_font_size=\u00a0\u00bb40px\u00a0\u00bb header_3_font_size=\u00a0\u00bb26px\u00a0\u00bb global_colors_info=\u00a0\u00bb{%22gcid-f8fb9684-2f3a-4e97-a201-c26ce6e31078%22:%91%22header_2_text_color%22%93}\u00a0\u00bb]<\/p>\n<h3>Les producteurs d\u2019arbres de No\u00ebl contribuent \u00e0 lib\u00e9rer le carbone dans l\u2019air.<\/h3>\n<p>[\/et_pb_text][et_pb_text _builder_version=\u00a0\u00bb4.9.2&Prime; _module_preset=\u00a0\u00bbdefault\u00a0\u00bb header_2_font=\u00a0\u00bb|700|||||||\u00a0\u00bb header_2_text_color=\u00a0\u00bbgcid-f8fb9684-2f3a-4e97-a201-c26ce6e31078&Prime; header_2_font_size=\u00a0\u00bb40px\u00a0\u00bb global_colors_info=\u00a0\u00bb{%22gcid-f8fb9684-2f3a-4e97-a201-c26ce6e31078%22:%91%22header_2_text_color%22%93}\u00a0\u00bb]<\/p>\n<p>de repr\u00e9senter l\u2019industrie au niveau national, afin que nous puissions travailler efficacement avec d\u2019autres industries ainsi que les gouvernements f\u00e9d\u00e9ral et provinciaux.<\/p>\n<p>d\u2019offrir les moyens aux producteurs de tout le pays afin qu\u2019ils restent en contact et \u00e0 jour avec les meilleurs pratiques de culture que la technologie, la recherche et l\u2019exp\u00e9rience ont \u00e0 offrir.<\/p>\n<p>De fournir des informations concernant l\u2019utilisation efficace des ressources pour des pratiques d\u2019affaires durables.<\/p>\n<p>[\/et_pb_text][\/et_pb_column][et_pb_column type=\u00a0\u00bb1_2&Prime; _builder_version=\u00a0\u00bb4.9.2&Prime; _module_preset=\u00a0\u00bbdefault\u00a0\u00bb][et_pb_image src=\u00a0\u00bbhttps:\/\/canadianchristmastrees.ca.sdfcloud.net\/wp-content\/uploads\/2021\/03\/clembrook-farm.jpg\u00a0\u00bb title_text=\u00a0\u00bbclembrook-farm\u00a0\u00bb force_fullwidth=\u00a0\u00bbon\u00a0\u00bb _builder_version=\u00a0\u00bb4.9.2&Prime; _module_preset=\u00a0\u00bbdefault\u00a0\u00bb box_shadow_style=\u00a0\u00bbpreset1&Prime;][\/et_pb_image][et_pb_image src=\u00a0\u00bbhttps:\/\/canadianchristmastrees.ca.sdfcloud.net\/wp-content\/uploads\/2021\/03\/colon.jpg\u00a0\u00bb title_text=\u00a0\u00bbcolon\u00a0\u00bb force_fullwidth=\u00a0\u00bbon\u00a0\u00bb _builder_version=\u00a0\u00bb4.9.2&Prime; _module_preset=\u00a0\u00bbdefault\u00a0\u00bb box_shadow_style=\u00a0\u00bbpreset1&Prime;][\/et_pb_image][\/et_pb_column][\/et_pb_row][\/et_pb_section][et_pb_section fb_built=\u00a0\u00bb1&Prime; _builder_version=\u00a0\u00bb4.9.2&Prime; _module_preset=\u00a0\u00bbdefault\u00a0\u00bb background_color=\u00a0\u00bbgcid-f8fb9684-2f3a-4e97-a201-c26ce6e31078&Prime; custom_padding=\u00a0\u00bb0px||0px||true|false\u00a0\u00bb global_colors_info=\u00a0\u00bb{%22gcid-f8fb9684-2f3a-4e97-a201-c26ce6e31078%22:%91%22background_color%22%93}\u00a0\u00bb][et_pb_row _builder_version=\u00a0\u00bb4.9.2&Prime; _module_preset=\u00a0\u00bbdefault\u00a0\u00bb][et_pb_column type=\u00a0\u00bb4_4&Prime; _builder_version=\u00a0\u00bb4.9.2&Prime; _module_preset=\u00a0\u00bbdefault\u00a0\u00bb][et_pb_text _builder_version=\u00a0\u00bb4.9.10&Prime; _module_preset=\u00a0\u00bbdefault\u00a0\u00bb text_font_size=\u00a0\u00bb24px\u00a0\u00bb text_line_height=\u00a0\u00bb1.3em\u00a0\u00bb link_font=\u00a0\u00bb||||on||||\u00a0\u00bb link_text_color=\u00a0\u00bb#FFFFFF\u00a0\u00bb text_orientation=\u00a0\u00bbcenter\u00a0\u00bb background_layout=\u00a0\u00bbdark\u00a0\u00bb hover_enabled=\u00a0\u00bb0&Prime; sticky_enabled=\u00a0\u00bb0&Prime;]<\/p>\n<p>L\u2019Association canadienne d\u2019arbres de No\u00ebl est le groupe qui voit \u00e0 la coordination des associations provinciales membres.<br \/>Pour plus d\u2019informations, veuillez contacter la directrice-ex\u00e9cutive de l\u2019ACPAN <a href=\"mailto:info@canadianchristmastrees.ca\">info@canadianchristmastrees.ca<\/a><\/p>\n<p>[\/et_pb_text][\/et_pb_column][\/et_pb_row][\/et_pb_section][et_pb_section fb_built=\u00a0\u00bb1&Prime; _builder_version=\u00a0\u00bb4.9.2&Prime; _module_preset=\u00a0\u00bbdefault\u00a0\u00bb background_image=\u00a0\u00bbhttps:\/\/canadianchristmastrees.ca.sdfcloud.net\/wp-content\/uploads\/2021\/03\/tree-sillhoute.jpg\u00a0\u00bb background_size=\u00a0\u00bbinitial\u00a0\u00bb background_position=\u00a0\u00bbbottom_left\u00a0\u00bb background_repeat=\u00a0\u00bbrepeat-x\u00a0\u00bb custom_padding=\u00a0\u00bb||125px||false|false\u00a0\u00bb][et_pb_row _builder_version=\u00a0\u00bb4.9.2&Prime; _module_preset=\u00a0\u00bbdefault\u00a0\u00bb][et_pb_column type=\u00a0\u00bb4_4&Prime; _builder_version=\u00a0\u00bb4.9.2&Prime; _module_preset=\u00a0\u00bbdefault\u00a0\u00bb][et_pb_text _builder_version=\u00a0\u00bb4.9.2&Prime; _module_preset=\u00a0\u00bbdefault\u00a0\u00bb header_2_font=\u00a0\u00bb|700|||||||\u00a0\u00bb header_2_text_color=\u00a0\u00bbgcid-f8fb9684-2f3a-4e97-a201-c26ce6e31078&Prime; header_2_font_size=\u00a0\u00bb48px\u00a0\u00bb custom_margin=\u00a0\u00bb||5px||false|false\u00a0\u00bb global_colors_info=\u00a0\u00bb{%22gcid-f8fb9684-2f3a-4e97-a201-c26ce6e31078%22:%91%22header_2_text_color%22%93}\u00a0\u00bb]<\/p>\n<h2>Mot du pr\u00e9sident<\/h2>\n<p>[\/et_pb_text][et_pb_text _builder_version=\u00a0\u00bb4.9.10&Prime; _module_preset=\u00a0\u00bbdefault\u00a0\u00bb header_2_font=\u00a0\u00bb|700|||||||\u00a0\u00bb header_2_text_color=\u00a0\u00bbgcid-f8fb9684-2f3a-4e97-a201-c26ce6e31078&Prime; header_2_font_size=\u00a0\u00bb40px\u00a0\u00bb hover_enabled=\u00a0\u00bb0&Prime; global_colors_info=\u00a0\u00bb{%22gcid-f8fb9684-2f3a-4e97-a201-c26ce6e31078%22:%91%22header_2_text_color%22%93}\u00a0\u00bb sticky_enabled=\u00a0\u00bb0&Prime;]<\/p>\n<p>Bienvenue au site web de l\u2019Association canadienne d\u2019arbres de No\u00ebl. Nous avons r\u00e9cemment mis \u00e0 jour ce site et inclus des questions fr\u00e9quemment pos\u00e9es par les consommateurs, les d\u00e9taillants, les grossistes et les op\u00e9rations d\u2019auto-cueillette. Ils manifestent tous leur int\u00e9r\u00eat et leur fiert\u00e9 dans leur production particuli\u00e8re qu\u2019est la culture d\u2019arbres de No\u00ebl naturels.<\/p>\n<p>L\u2019Association canadienne d\u2019arbres de No\u00ebl a \u00e9t\u00e9 au service des associations provinciales membres depuis sa fondation en 1971, il y a 45 ans, par un groupe de producteurs d\u00e9di\u00e9s \u00e0 la cause qui reconnaissaient le besoin commun d\u2019\u00e9changes et de partage d\u2019id\u00e9es et d\u2019innovations pour le b\u00e9n\u00e9fice de tous les participants de l\u2019industrie. \u00c0 l\u2019\u00e9poque, il \u00e9tait n\u00e9cessaire d\u2019informer les consommateurs et les producteurs \u00e0 propos de la venue des arbres de No\u00ebl produits en plantation versus les arbres sauvageons.<\/p>\n<p>Dans cette mise \u00e0 jour du site internet, nous sommes en train de mettre l\u2019accent sur la n\u00e9cessit\u00e9 pour la communication entre les consommateurs, les producteurs, les d\u00e9taillants et les grossistes et bien s\u00fbrla nouvelle tendance : les auto-cueillettes. L\u2019id\u00e9e est d\u2019encourager l\u2019utilisation de vrais arbres naturels, de continuer \u00e0 promouvoir cette tradition unique des festivit\u00e9s centr\u00e9es autour d\u2019un conif\u00e8re frais.<\/p>\n<p>Nous avons de l\u2019information pour les consommateurs et les d\u00e9taillants ainsi que pour les grossistes qui ach\u00e8tent des arbres de No\u00ebl canadiens fi\u00e8rement cultiv\u00e9s dans nos propres communaut\u00e9s \u00e0 travers le Canada.<\/p>\n<p>Nous avons inclus beaucoup de nouvelles informations et plus de 225 photos en provenance de toutes les r\u00e9gions du pays, repr\u00e9sentant la grande diversit\u00e9 des esp\u00e8ces et des m\u00e9thodes que les producteurs utilisent pour produire des arbres de No\u00ebl pour votre plus grand plaisir saisonnier.<\/p>\n<p>Jetez un coup d\u2019\u0153il sur le cycle de vie d\u2019un arbre de No\u00ebl naturel. Il explique les diff\u00e9rentes \u00e9tapes impliqu\u00e9es dans la culture des arbres de No\u00ebl.<\/p>\n<p>Regardez cette importante liste des noms des producteurs, des d\u00e9taillants et des grossistes qui vous indique leur coordonn\u00e9es.<\/p>\n<p>Le menu ci-dessus vous donnera acc\u00e8s \u00e0 chaque page du site.<\/p>\n<p>Bonne lecture,<\/p>\n<p><strong>Larry Downey, pr\u00e9sident<\/strong><\/p>\n<p>L\u2019Association canadienne d\u2019arbres de No\u00ebl<\/p>\n<p>[\/et_pb_text][\/et_pb_column][\/et_pb_row][\/et_pb_section][et_pb_section fb_built=\u00a0\u00bb1&Prime; _builder_version=\u00a0\u00bb4.9.2&Prime; _module_preset=\u00a0\u00bbdefault\u00a0\u00bb background_color=\u00a0\u00bb#215322&Prime; global_colors_info=\u00a0\u00bb{%22gcid-f8fb9684-2f3a-4e97-a201-c26ce6e31078%22:%91%93}\u00a0\u00bb][et_pb_row column_structure=\u00a0\u00bb1_2,1_2&Prime; _builder_version=\u00a0\u00bb4.9.2&Prime; _module_preset=\u00a0\u00bbdefault\u00a0\u00bb][et_pb_column type=\u00a0\u00bb1_2&Prime; _builder_version=\u00a0\u00bb4.9.2&Prime; _module_preset=\u00a0\u00bbdefault\u00a0\u00bb][et_pb_text _builder_version=\u00a0\u00bb4.9.2&Prime; _module_preset=\u00a0\u00bbdefault\u00a0\u00bb header_2_font=\u00a0\u00bb|700|||||||\u00a0\u00bb header_2_text_color=\u00a0\u00bb#FFFFFF\u00a0\u00bb header_2_font_size=\u00a0\u00bb48px\u00a0\u00bb custom_margin=\u00a0\u00bb||5px||false|false\u00a0\u00bb global_colors_info=\u00a0\u00bb{%22gcid-f8fb9684-2f3a-4e97-a201-c26ce6e31078%22:%91%93}\u00a0\u00bb]<\/p>\n<h2>Le recyclage de vos arbres de No\u00ebl<\/h2>\n<p>[\/et_pb_text][et_pb_text _builder_version=\u00a0\u00bb4.9.2&Prime; _module_preset=\u00a0\u00bbdefault\u00a0\u00bb header_2_font=\u00a0\u00bb|700|||||||\u00a0\u00bb header_2_text_color=\u00a0\u00bbgcid-f8fb9684-2f3a-4e97-a201-c26ce6e31078&Prime; header_2_font_size=\u00a0\u00bb40px\u00a0\u00bb header_3_font_size=\u00a0\u00bb26px\u00a0\u00bb background_layout=\u00a0\u00bbdark\u00a0\u00bb global_colors_info=\u00a0\u00bb{%22gcid-f8fb9684-2f3a-4e97-a201-c26ce6e31078%22:%91%22header_2_text_color%22%93}\u00a0\u00bb]<\/p>\n<h3>Si il n\u2019y a pas de programme dans votre communaut\u00e9 destin\u00e9 \u00e0 r\u00e9utiliser les arbres de No\u00ebl, s\u2019il vous pla\u00eet, voyez \u00e0 en commencer un dans votre milieu.<\/h3>\n<p>[\/et_pb_text][et_pb_text ul_position=\u00a0\u00bbinside\u00a0\u00bb _builder_version=\u00a0\u00bb4.9.2&Prime; _module_preset=\u00a0\u00bbdefault\u00a0\u00bb header_2_font=\u00a0\u00bb|700|||||||\u00a0\u00bb header_2_text_color=\u00a0\u00bb#FFFFFF\u00a0\u00bb header_2_font_size=\u00a0\u00bb48px\u00a0\u00bb background_layout=\u00a0\u00bbdark\u00a0\u00bb custom_margin=\u00a0\u00bb||5px||false|false\u00a0\u00bb global_colors_info=\u00a0\u00bb{%22gcid-f8fb9684-2f3a-4e97-a201-c26ce6e31078%22:%91%93}\u00a0\u00bb]Le fait d\u2019\u00e9viter que votre arbre de No\u00ebl se ramasse au site d\u2019enfouissement signifie que votre arbre de No\u00ebl peut servir \u00e0 continuer \u00e0 \u00eatre une ressource naturelle pr\u00e9cieuse.<\/p>\n<ul>\n<li>La transformation des arbres de No\u00ebl en paillis et en bois de chauffage va permettre le recyclage de l\u2019\u00e9nergie stok\u00e9e dans l\u2019arbre.<\/li>\n<li>La plupart des municipalit\u00e9s ont un programme de recyclage\u00a0 des arbres de No\u00ebl et leur transformation en paillis et copeaux.<\/li>\n<li>En r\u00e8gle g\u00e9n\u00e9rale, vous pouvez recycler votre arbre de No\u00ebl gratuitement soit en le d\u00e9posant au trottoir ou en l\u2019apportant \u00e0 un d\u00e9p\u00f4t saisonnier ou encore directement au site d\u2019enfouissement local. Le paillis est utilis\u00e9 dans les espaces verts autour de la municipalit\u00e9 et est souvent disponible gratuitement pour les r\u00e9sidents.<\/li>\n<li>Les programmes sont annonc\u00e9s dans les m\u00e9dias juste apr\u00e8s la saison des f\u00eates. Veuillez communiquer avec votre municipalit\u00e9 pour plus de d\u00e9tails.<\/li>\n<li>Typically, you can recycle your Christmas tree free of charge at seasonal drop-off locations or directly at landfills.<\/li>\n<\/ul>\n<p>[\/et_pb_text][\/et_pb_column][et_pb_column type=\u00a0\u00bb1_2&Prime; _builder_version=\u00a0\u00bb4.9.2&Prime; _module_preset=\u00a0\u00bbdefault\u00a0\u00bb][et_pb_image src=\u00a0\u00bbhttps:\/\/canadianchristmastrees.ca.sdfcloud.net\/wp-content\/uploads\/2021\/03\/downey_aerial.jpg\u00a0\u00bb title_text=\u00a0\u00bbdowney_aerial\u00a0\u00bb force_fullwidth=\u00a0\u00bbon\u00a0\u00bb _builder_version=\u00a0\u00bb4.9.2&Prime; _module_preset=\u00a0\u00bbdefault\u00a0\u00bb box_shadow_style=\u00a0\u00bbpreset1&Prime;][\/et_pb_image][\/et_pb_column][\/et_pb_row][\/et_pb_section]<\/p>\n","protected":false},"excerpt":{"rendered":"<p>Les arbres de No\u00ebl canadiens procurent de vrais emplois pour les Canadiens, \u00e0 partir des producteurs, des employ\u00e9s manuels ainsi que les industries connexes, tels que les transports, la fourniture d\u2019\u00e9quipements et la vente au d\u00e9tail.Au Canada, plus de 28 315 hectares (69 968 acres) ont \u00e9t\u00e9 consacr\u00e9s \u00e0 la production d&rsquo;arbres de No\u00ebl en [&hellip;]<\/p>\n","protected":false},"author":2,"featured_media":0,"parent":0,"menu_order":0,"comment_status":"closed","ping_status":"closed","template":"","meta":{"_et_pb_use_builder":"on","_et_pb_old_content":"<!-- wp:paragraph -->\n<p>This is an example page. It's different from a blog post because it will stay in one place and will show up in your site navigation (in most themes). Most people start with an About page that introduces them to potential site visitors. It might say something like this:<\/p>\n<!-- \/wp:paragraph -->\n\n<!-- wp:quote -->\n<blockquote class=\"wp-block-quote\"><p>Hi there! I'm a bike messenger by day, aspiring actor by night, and this is my website. I live in Los Angeles, have a great dog named Jack, and I like pi&#241;a coladas. (And gettin' caught in the rain.)<\/p><\/blockquote>\n<!-- \/wp:quote -->\n\n<!-- wp:paragraph -->\n<p>...or something like this:<\/p>\n<!-- \/wp:paragraph -->\n\n<!-- wp:quote -->\n<blockquote class=\"wp-block-quote\"><p>The XYZ Doohickey Company was founded in 1971, and has been providing quality doohickeys to the public ever since. Located in Gotham City, XYZ employs over 2,000 people and does all kinds of awesome things for the Gotham community.<\/p><\/blockquote>\n<!-- \/wp:quote -->\n\n<!-- wp:paragraph -->\n<p>As a new WordPress user, you should go to <a href=\"https:\/\/canadianchristmastrees.ca.sdfcloud.net\/wp-admin\/\">your dashboard<\/a> to delete this page and create new pages for your content. Have fun!<\/p>\n<!-- \/wp:paragraph -->","_et_gb_content_width":"","footnotes":""},"class_list":["post-13","page","type-page","status-publish","hentry"],"_links":{"self":[{"href":"https:\/\/canadianchristmastrees.ca\/fr\/wp-json\/wp\/v2\/pages\/13","targetHints":{"allow":["GET"]}}],"collection":[{"href":"https:\/\/canadianchristmastrees.ca\/fr\/wp-json\/wp\/v2\/pages"}],"about":[{"href":"https:\/\/canadianchristmastrees.ca\/fr\/wp-json\/wp\/v2\/types\/page"}],"author":[{"embeddable":true,"href":"https:\/\/canadianchristmastrees.ca\/fr\/wp-json\/wp\/v2\/users\/2"}],"replies":[{"embeddable":true,"href":"https:\/\/canadianchristmastrees.ca\/fr\/wp-json\/wp\/v2\/comments?post=13"}],"version-history":[{"count":4,"href":"https:\/\/canadianchristmastrees.ca\/fr\/wp-json\/wp\/v2\/pages\/13\/revisions"}],"predecessor-version":[{"id":220,"href":"https:\/\/canadianchristmastrees.ca\/fr\/wp-json\/wp\/v2\/pages\/13\/revisions\/220"}],"wp:attachment":[{"href":"https:\/\/canadianchristmastrees.ca\/fr\/wp-json\/wp\/v2\/media?parent=13"}],"curies":[{"name":"wp","href":"https:\/\/api.w.org\/{rel}","templated":true}]}}